{"id":28,"date":"2026-04-06T12:07:48","date_gmt":"2026-04-06T10:07:48","guid":{"rendered":"https:\/\/moldavica.eu\/?page_id=28"},"modified":"2026-04-06T14:14:45","modified_gmt":"2026-04-06T12:14:45","slug":"despre-noi","status":"publish","type":"page","link":"https:\/\/moldavica.eu\/?page_id=28","title":{"rendered":"DESPRE NOI"},"content":{"rendered":"\n<p class=\"has-text-align-center\">Asocia\u021bia Grupul Herptetologic Moldavica a fost \u00eenfiin\u021bat\u0103 \u00een 2014, reunind persoane din mediul academic al Ia\u0219iului \u0219i Bucure\u0219tiului ce prezint\u0103 interes \u00een cercetarea \u0219i conservarea speciilor de amfibieni, reptile \u0219i a naturii. Asocia\u021bia \u00ee\u0219i propune s\u0103 asigure puntea de leg\u0103tur\u0103 \u00eentre mediul academic \u0219i societatea civil\u0103 \u00een activit\u0103\u021bi educative, de cercetare-conservare \u0219i economice.<\/p>\n\n\n\n<p class=\"has-text-align-center\">Dintre activit\u0103\u021bile principale amintim:<\/p>\n\n\n\n<ul class=\"wp-block-list\">\n<li>Promovarea cunoa\u015fterii\u00a0 valorilor\u00a0 naturale,\u00a0 popularizarea necesit\u0103\u0163ii\u00a0 protec\u0163iei amfibienilor \u0219i reptilelor, a naturii \u015fi a mediului \u00eenconjur\u0103tor;<\/li>\n\n\n\n<li>Dezvoltarea unor programe proprii \u0219i \u00een regim de parteneriat cu autorit\u0103\u021bile publice din \u021bar\u0103 \u0219i str\u0103in\u0103tate;<\/li>\n\n\n\n<li>Organizarea \u015fi participarea la ac\u0163iuni \u015fi programe interna\u0163ionale;<\/li>\n\n\n\n<li>Organizarea de cursuri de preg\u0103tire, seminarii, conferin\u021be, simpozioane, dezbateri publice, tabere, \u0219coli de var\u0103 \u015fi alte manifest\u0103ri cu scop informativ, educativ \u015fi \u015ftiin\u0163ific;<\/li>\n\n\n\n<li>Organizarea de manifest\u0103ri publice \u0219i alte activit\u0103\u021bi de sensibilizare a opiniei publice, potrivit legii;<\/li>\n\n\n\n<li>Realizarea, editarea \u0219i difuzarea de c\u0103r\u021bi, publica\u021bii periodice, pliante, afi\u0219e, bro\u0219uri, programe informatice \u0219i alte materiale informative;<\/li>\n\n\n\n<li>Acordarea de consultan\u021b\u0103 \u0219i consiliere, precum \u0219i asisten\u021b\u0103 juridic\u0103 membrilor Asocia\u021biei, \u00een conformitate cu scopul acesteia;<\/li>\n\n\n\n<li>Monitorizarea \u0219i sprijinirea autorit\u0103\u021bilor publice, atunci unde este cazul;<\/li>\n\n\n\n<li>Acordarea de sprijin \u0219i consultan\u0163\u0103 de specialitate \u00een domeniul cercet\u0103rii \u015fi protec\u0163iei amf\u00eebienilor, reptilelor \u015fi a habitatelor acestora; propuneri de rezerva\u0163ii;<\/li>\n\n\n\n<li>Achizi\u0163ionarea sau\u00a0 primirea \u00een custodie, dup\u0103 caz, de terenuri \u015fi alte bunuri \u00een scopul protec\u0163iei naturii sau a cercet\u0103rii \u015fi observ\u0103rii herpetologice; desf\u0103\u015furarea unor activit\u0103\u0163i profitabile cu condi\u0163ia, ca veniturile ob\u0163inute s\u0103 fie folosite numai pentru realizarea programelor asocia\u0163iei;<\/li>\n\n\n\n<li>\u00cencheierea de conven\u0163ii \u00een vederea colabor\u0103rii cu alte asocia\u0163ii, societ\u0103\u0163i\u00a0 sau funda\u0163ii na\u0163ionale sau din str\u0103in\u0103tate, pentru studiul \u015fi protec\u0163ia herpetofaunei \u015fi a naturii;<\/li>\n\n\n\n<li>Derularea unor activit\u0103\u021bi de sponsorizare\/mecenat;<\/li>\n\n\n\n<li>dezvoltarea unor activit\u0103\u021bi economice direcre \u00een vederea autofinan\u021b\u0103rii, \u00een concordan\u021b\u0103 cu scopul Asocia\u021biei;<\/li>\n<\/ul>\n","protected":false},"excerpt":{"rendered":"<p>Asocia\u021bia Grupul Herptetologic Moldavica a fost \u00eenfiin\u021bat\u0103 \u00een 2014, reunind persoane din mediul academic al Ia\u0219iului \u0219i Bucure\u0219tiului ce prezint\u0103 interes \u00een cercetarea \u0219i conservarea speciilor de amfibieni, reptile \u0219i a naturii. Asocia\u021bia \u00ee\u0219i propune s\u0103 asigure puntea de leg\u0103tur\u0103 \u00eentre mediul academic \u0219i societatea civil\u0103 \u00een activit\u0103\u021bi educative, de cercetare-conservare \u0219i economice. Dintre activit\u0103\u021bile&hellip; <br \/> <a class=\"read-more\" href=\"https:\/\/moldavica.eu\/?page_id=28\">Read more<\/a><\/p>\n","protected":false},"author":1,"featured_media":55,"parent":0,"menu_order":0,"comment_status":"closed","ping_status":"closed","template":"","meta":{"footnotes":""},"class_list":["post-28","page","type-page","status-publish","has-post-thumbnail","hentry"],"_links":{"self":[{"href":"https:\/\/moldavica.eu\/index.php?rest_route=\/wp\/v2\/pages\/28","targetHints":{"allow":["GET"]}}],"collection":[{"href":"https:\/\/moldavica.eu\/index.php?rest_route=\/wp\/v2\/pages"}],"about":[{"href":"https:\/\/moldavica.eu\/index.php?rest_route=\/wp\/v2\/types\/page"}],"author":[{"embeddable":true,"href":"https:\/\/moldavica.eu\/index.php?rest_route=\/wp\/v2\/users\/1"}],"replies":[{"embeddable":true,"href":"https:\/\/moldavica.eu\/index.php?rest_route=%2Fwp%2Fv2%2Fcomments&post=28"}],"version-history":[{"count":3,"href":"https:\/\/moldavica.eu\/index.php?rest_route=\/wp\/v2\/pages\/28\/revisions"}],"predecessor-version":[{"id":58,"href":"https:\/\/moldavica.eu\/index.php?rest_route=\/wp\/v2\/pages\/28\/revisions\/58"}],"wp:featuredmedia":[{"embeddable":true,"href":"https:\/\/moldavica.eu\/index.php?rest_route=\/wp\/v2\/media\/55"}],"wp:attachment":[{"href":"https:\/\/moldavica.eu\/index.php?rest_route=%2Fwp%2Fv2%2Fmedia&parent=28"}],"curies":[{"name":"wp","href":"https:\/\/api.w.org\/{rel}","templated":true}]}}